{"id":352,"date":"2017-05-17T10:49:07","date_gmt":"2017-05-17T08:49:07","guid":{"rendered":"http:\/\/lgd-kanal.augustow.pl\/?page_id=352"},"modified":"2022-02-10T13:31:22","modified_gmt":"2022-02-10T12:31:22","slug":"harmonogram-naboru-wnioskow","status":"publish","type":"page","link":"https:\/\/lgd-kanal.augustow.pl\/archiwum\/harmonogram-naboru-wnioskow\/","title":{"rendered":"Harmonogram naboru wniosk\u00f3w."},"content":{"rendered":"<p><a href=\"https:\/\/lgd-kanal.augustow.pl\/archiwum\/wp-content\/uploads\/2022\/02\/Harmonogram-naborow-wnioskow-1.02.2022.pdf\" target=\"_blank\" rel=\"noopener\">Harmonogram nabor\u00f3w wniosk\u00f3w luty 2022 <\/a><br \/>\n<a href=\"https:\/\/lgd-kanal.augustow.pl\/archiwum\/wp-content\/uploads\/2022\/02\/Harmonogram-naborow-wnioskow-16.12.2021-1.pdf\" target=\"_blank\" rel=\"noopener\">Harmonogram nabor\u00f3w wniosk\u00f3w grudzie\u0144 2021 <\/a><br \/>\n<a href=\"https:\/\/lgd-kanal.augustow.pl\/archiwum\/wp-content\/uploads\/2021\/08\/skanowanie0005.pdf\" target=\"_blank\" rel=\"noopener\">Harmonogram nabor\u00f3w wniosk\u00f3w czerwiec 20201 <\/a><br \/>\n<a href=\"http:\/\/lgd-kanal.augustow.pl\/wp-content\/uploads\/2021\/05\/skanowanie0004.pdf\" target=\"_blank\" rel=\"noopener\">Harmonogram nabor\u00f3w wniosk\u00f3w kwiecie\u0144 2021<\/a><br \/>\n<a href=\"http:\/\/lgd-kanal.augustow.pl\/wp-content\/uploads\/2020\/12\/Harmonogram-naborow-wnioskow-grudzien-2020.docx\" target=\"_blank\" rel=\"noopener\">Harmonogram nabor\u00f3w wniosk\u00f3w grudzie\u0144 2020<\/a><br \/>\n<a href=\"http:\/\/lgd-kanal.augustow.pl\/wp-content\/uploads\/2020\/04\/Harmonogram.pdf\" target=\"_blank\" rel=\"noopener noreferrer\">Harmonogram nabor\u00f3w wniosk\u00f3w marzec 2020<\/a><br \/>\n<a href=\"http:\/\/lgd-kanal.augustow.pl\/wp-content\/uploads\/2020\/01\/Harmonogram-nabor\u00f3w-wniosk\u00f3w-listopad-2019.docx\" target=\"_blank\" rel=\"noopener noreferrer\">Harmonogram nabor\u00f3w wniosk\u00f3w listopad 2019<\/a><br \/>\n<a href=\"http:\/\/lgd-kanal.augustow.pl\/wp-content\/uploads\/2019\/11\/Harmonogram-nabor\u00f3w-wniosk\u00f3w.pdf\" target=\"_blank\" rel=\"noopener noreferrer\">Harmonogram nabor\u00f3w wniosk\u00f3w lipiec 2019 <\/a><br \/>\n<a href=\"http:\/\/lgd-kanal.augustow.pl\/wp-content\/uploads\/2019\/04\/Harmonogram-18.03.2019.pdf\" target=\"_blank\" rel=\"noopener noreferrer\">Harmonogram nabor\u00f3w wniosk\u00f3w marzec 2019 <\/a><br \/>\n<a href=\"http:\/\/lgd-kanal.augustow.pl\/wp-content\/uploads\/2018\/07\/Harmonogram.pdf\" target=\"_blank\" rel=\"noopener noreferrer\">Harmonogram nabor\u00f3w wniosk\u00f3w lipiec 2018<\/a><br \/>\n<a href=\"http:\/\/lgd-kanal.augustow.pl\/wp-content\/uploads\/2018\/05\/Harmonogram-nabor\u00f3w-wniosk\u00f3w.pdf\" target=\"_blank\" rel=\"noopener noreferrer\">Harmonogram nabor\u00f3w wniosk\u00f3w luty 2018<\/a><br \/>\n<a href=\"http:\/\/lgd-kanal.augustow.pl\/wp-content\/uploads\/2017\/05\/Harmonogram-naborow-wnioskow-sierpien-2017.docx\" target=\"_blank\" rel=\"noopener noreferrer\">Harmonogram nabor\u00f3w wniosk\u00f3w sierpie\u0144 2017<\/a><br \/>\n<a href=\"http:\/\/lgd-kanal.augustow.pl\/wp-content\/uploads\/2017\/04\/Harmonogram-nabor\u00f3w-wniosk\u00f3w-kwiecie\u0144-2017.pdf\" target=\"_blank\" rel=\"noopener noreferrer\">Harmonogram nabor\u00f3w wniosk\u00f3w kwiecie\u0144 2017<\/a><br \/>\n<a href=\"http:\/\/lgd-kanal.augustow.pl\/wp-content\/uploads\/2016\/08\/Harmonogram-nabor%C3%B3w-wniosk%C3%B3w.docx\" target=\"_blank\" rel=\"noopener noreferrer\">Harmonogram nabor\u00f3w wniosk\u00f3w<\/a><\/p>\n","protected":false},"excerpt":{"rendered":"<p>Harmonogram nabor\u00f3w wniosk\u00f3w luty 2022 Harmonogram nabor\u00f3w wniosk\u00f3w grudzie\u0144 2021 Harmonogram nabor\u00f3w wniosk\u00f3w czerwiec 20201 Harmonogram nabor\u00f3w wniosk\u00f3w kwiecie\u0144 2021 Harmonogram nabor\u00f3w wniosk\u00f3w grudzie\u0144 2020 Harmonogram nabor\u00f3w wniosk\u00f3w marzec 2020 Harmonogram nabor\u00f3w wniosk\u00f3w listopad 2019 Harmonogram nabor\u00f3w wniosk\u00f3w lipiec 2019 Harmonogram nabor\u00f3w wniosk\u00f3w marzec 2019 Harmonogram nabor\u00f3w wniosk\u00f3w lipiec 2018 Harmonogram nabor\u00f3w wniosk\u00f3w luty 2018 [&hellip;]<\/p>\n","protected":false},"author":1,"featured_media":0,"parent":0,"menu_order":0,"comment_status":"closed","ping_status":"closed","template":"","meta":{"_monsterinsights_skip_tracking":false,"_monsterinsights_sitenote_active":false,"_monsterinsights_sitenote_note":"","_monsterinsights_sitenote_category":0,"ngg_post_thumbnail":0,"footnotes":""},"class_list":["post-352","page","type-page","status-publish","hentry"],"_links":{"self":[{"href":"https:\/\/lgd-kanal.augustow.pl\/archiwum\/wp-json\/wp\/v2\/pages\/352","targetHints":{"allow":["GET"]}}],"collection":[{"href":"https:\/\/lgd-kanal.augustow.pl\/archiwum\/wp-json\/wp\/v2\/pages"}],"about":[{"href":"https:\/\/lgd-kanal.augustow.pl\/archiwum\/wp-json\/wp\/v2\/types\/page"}],"author":[{"embeddable":true,"href":"https:\/\/lgd-kanal.augustow.pl\/archiwum\/wp-json\/wp\/v2\/users\/1"}],"replies":[{"embeddable":true,"href":"https:\/\/lgd-kanal.augustow.pl\/archiwum\/wp-json\/wp\/v2\/comments?post=352"}],"version-history":[{"count":17,"href":"https:\/\/lgd-kanal.augustow.pl\/archiwum\/wp-json\/wp\/v2\/pages\/352\/revisions"}],"predecessor-version":[{"id":4173,"href":"https:\/\/lgd-kanal.augustow.pl\/archiwum\/wp-json\/wp\/v2\/pages\/352\/revisions\/4173"}],"wp:attachment":[{"href":"https:\/\/lgd-kanal.augustow.pl\/archiwum\/wp-json\/wp\/v2\/media?parent=352"}],"curies":[{"name":"wp","href":"https:\/\/api.w.org\/{rel}","templated":true}]}}