{"id":2947,"date":"2020-01-02T11:15:37","date_gmt":"2020-01-02T10:15:37","guid":{"rendered":"http:\/\/lgd-kanal.augustow.pl\/?page_id=2947"},"modified":"2020-12-31T11:44:35","modified_gmt":"2020-12-31T10:44:35","slug":"efs-2020","status":"publish","type":"page","link":"https:\/\/lgd-kanal.augustow.pl\/archiwum\/efs-2020\/","title":{"rendered":"EFS 2020"},"content":{"rendered":"<ul>\r\n<li><a href=\"http:\/\/lgd-kanal.augustow.pl\/nabor-13-2020-typ-3-bezzwrotne-wsparcie-dla-osob-zamierzajacych-rozpoczac-prowadzenie-dzialalnosci-gospodarczej-2\/\" target=\"_blank\" rel=\"noopener\">Nab\u00f3r 13\/2020 \u2013&nbsp; Typ 3 Bezzwrotne wsparcie dla os\u00f3b zamierzaj\u0105cych rozpocz\u0105\u0107 prowadzenie dzia\u0142alno\u015bci gospodarczej<\/a><\/li>\r\n<li><a href=\"http:\/\/lgd-kanal.augustow.pl\/nabor-11-2020-typ-10-dzialania-skierowane-do-rodzin-w-tym-rodzin-przezywajacych-trudnosci-opiekunczo-wychowawcze-dzieci-i-mlodziezy-zagrozonej-wykluczeniem-spolecznym\/\" target=\"_blank\" rel=\"noopener noreferrer\">Nab\u00f3r 11\/2020 \u2013 Typ 10 Dzia\u0142ania skierowane do rodzin, w tym rodzin prze\u017cywaj\u0105cych trudno\u015bci opieku\u0144czo-wychowawcze, dzieci i m\u0142odzie\u017cy zagro\u017conej wykluczeniem spo\u0142ecznym. <\/a><\/li>\r\n<li><a href=\"http:\/\/lgd-kanal.augustow.pl\/nabor-7-2020-typ-10-dzialania-skierowane-do-rodzin-w-tym-rodzin-przezywajacych-trudnosci-opiekunczo-wychowawcze-dzieci-i-mlodziezy-zagrozonej-wykluczeniem-spolecznym-2\/\" target=\"_blank\" rel=\"noopener noreferrer\">Nab\u00f3r 7\/2020 \u2013 Typ 10 Dzia\u0142ania skierowane do rodzin, w tym rodzin prze\u017cywaj\u0105cych trudno\u015bci opieku\u0144czo-wychowawcze, dzieci i m\u0142odzie\u017cy zagro\u017conej wykluczeniem spo\u0142ecznym.<\/a> &nbsp;<\/li>\r\n<li><a href=\"http:\/\/lgd-kanal.augustow.pl\/nabor-6-2020-typ-7-uslugi-reintegracji-spoleczno-zawodowej-skierowanej-do-osob-zagrozonych-ubostwem-lub-wykluczeniem-spolecznym-swiadczone-przez-cis-i-kis-2\/\" target=\"_blank\" rel=\"noopener noreferrer\">Nab\u00f3r 6\/2020 \u2013 Typ 7 Us\u0142ugi reintegracji spo\u0142eczno-zawodowej skierowanej do os\u00f3b zagro\u017conych ub\u00f3stwem lub wykluczeniem spo\u0142ecznym \u015bwiadczone przez CIS i KIS&nbsp;<\/a><\/li>\r\n<li><a href=\"http:\/\/lgd-kanal.augustow.pl\/nabor-5-2020-typ-6-programy-aktywnosci-lokalnej-2\/\" target=\"_blank\" rel=\"noopener noreferrer\">Nab\u00f3r 5\/2020 \u2013 Typ 6 Programy Aktywno\u015bci Lokalnej<\/a>&nbsp;<\/li>\r\n<li><a href=\"http:\/\/lgd-kanal.augustow.pl\/nabor-1-2020-typ-4-zapewnienie-wiekszej-dostepnosci-wysokiej-jakosci-edukacji-przedszkolnej-w-ramach\" target=\"_blank\" rel=\"noopener noreferrer\">Nab\u00f3r 1\/2020 \u2013 typ 4 Zapewnienie wi\u0119kszej dost\u0119pno\u015bci wysokiej jako\u015bci edukacji przedszkolnej w ramach<\/a><\/li>\r\n<\/ul>\r\n\r\n<p>&nbsp;<\/p>\r\n","protected":false},"excerpt":{"rendered":"<p>Nab\u00f3r 13\/2020 \u2013&nbsp; Typ 3 Bezzwrotne wsparcie dla os\u00f3b zamierzaj\u0105cych rozpocz\u0105\u0107 prowadzenie dzia\u0142alno\u015bci gospodarczej Nab\u00f3r 11\/2020 \u2013 Typ 10 Dzia\u0142ania skierowane do rodzin, w tym rodzin prze\u017cywaj\u0105cych trudno\u015bci opieku\u0144czo-wychowawcze, dzieci i m\u0142odzie\u017cy zagro\u017conej wykluczeniem spo\u0142ecznym. Nab\u00f3r 7\/2020 \u2013 Typ 10 Dzia\u0142ania skierowane do rodzin, w tym rodzin prze\u017cywaj\u0105cych trudno\u015bci opieku\u0144czo-wychowawcze, dzieci i m\u0142odzie\u017cy zagro\u017conej wykluczeniem [&hellip;]<\/p>\n","protected":false},"author":1,"featured_media":0,"parent":0,"menu_order":0,"comment_status":"closed","ping_status":"closed","template":"","meta":{"_monsterinsights_skip_tracking":false,"_monsterinsights_sitenote_active":false,"_monsterinsights_sitenote_note":"","_monsterinsights_sitenote_category":0,"ngg_post_thumbnail":0,"footnotes":""},"class_list":["post-2947","page","type-page","status-publish","hentry"],"_links":{"self":[{"href":"https:\/\/lgd-kanal.augustow.pl\/archiwum\/wp-json\/wp\/v2\/pages\/2947","targetHints":{"allow":["GET"]}}],"collection":[{"href":"https:\/\/lgd-kanal.augustow.pl\/archiwum\/wp-json\/wp\/v2\/pages"}],"about":[{"href":"https:\/\/lgd-kanal.augustow.pl\/archiwum\/wp-json\/wp\/v2\/types\/page"}],"author":[{"embeddable":true,"href":"https:\/\/lgd-kanal.augustow.pl\/archiwum\/wp-json\/wp\/v2\/users\/1"}],"replies":[{"embeddable":true,"href":"https:\/\/lgd-kanal.augustow.pl\/archiwum\/wp-json\/wp\/v2\/comments?post=2947"}],"version-history":[{"count":8,"href":"https:\/\/lgd-kanal.augustow.pl\/archiwum\/wp-json\/wp\/v2\/pages\/2947\/revisions"}],"predecessor-version":[{"id":3624,"href":"https:\/\/lgd-kanal.augustow.pl\/archiwum\/wp-json\/wp\/v2\/pages\/2947\/revisions\/3624"}],"wp:attachment":[{"href":"https:\/\/lgd-kanal.augustow.pl\/archiwum\/wp-json\/wp\/v2\/media?parent=2947"}],"curies":[{"name":"wp","href":"https:\/\/api.w.org\/{rel}","templated":true}]}}