{"id":2001,"date":"2018-01-01T14:52:00","date_gmt":"2018-01-01T13:52:00","guid":{"rendered":"http:\/\/lgd-kanal.augustow.pl\/?page_id=2001"},"modified":"2019-02-22T15:22:45","modified_gmt":"2019-02-22T14:22:45","slug":"efs-2018","status":"publish","type":"page","link":"https:\/\/lgd-kanal.augustow.pl\/archiwum\/efs-2018\/","title":{"rendered":"EFS 2018"},"content":{"rendered":"\n<ul class=\"wp-block-list\"><li><a rel=\"noreferrer noopener\" aria-label=\" NAB\u00d3R nr 19\/2018 Zapewnienie wi\u0119kszej dost\u0119pno\u015bci wysokiej jako\u015bci edukacji przedszkolnej   (otwiera si\u0119 na nowej zak\u0142adce)\" href=\"http:\/\/lgd-kanal.augustow.pl\/nabor-nr-19-2018-zapewnienie-wiekszej-dostepnosci-wysokiej-jakosci-edukacji-przedszkolnej-2\/\" target=\"_blank\"> NAB\u00d3R nr 19\/2018 Zapewnienie wi\u0119kszej dost\u0119pno\u015bci wysokiej jako\u015bci edukacji przedszkolnej  <\/a><\/li><li><a rel=\"noreferrer noopener\" aria-label=\" NAB\u00d3R nr 18\/2018 Zapewnienie wi\u0119kszej dost\u0119pno\u015bci wysokiej jako\u015bci edukacji przedszkolnej (otwiera si\u0119 na nowej zak\u0142adce)\" href=\"http:\/\/lgd-kanal.augustow.pl\/nabor-nr-18-2018-zapewnienie-wiekszej-dostepnosci-wysokiej-jakosci-edukacji-przedszkolnej-2\/\" target=\"_blank\"> NAB\u00d3R nr 18\/2018 Zapewnienie wi\u0119kszej dost\u0119pno\u015bci wysokiej jako\u015bci edukacji przedszkolnej<\/a> <\/li><li> <a rel=\"noreferrer noopener\" aria-label=\"NAB\u00d3R  nr 16\/2018 Dzia\u0142ania skierowane do rodzin, w tym rodzin  prze\u017cywaj\u0105cych  trudno\u015bci opieku\u0144czo-wychowawcze, dzieci i m\u0142odzie\u017cy  zagro\u017conej  wykluczeniem spo\u0142ecznym  (otwiera si\u0119 na nowej zak\u0142adce)\" href=\"http:\/\/lgd-kanal.augustow.pl\/nabor-nr-16-2018-dzialania-skierowane-do-rodzin-w-tym-rodzin-przezywajacych-trudnosci-opiekunczo-wychowawcze-dzieci-i-mlodziezy-zagrozonej-wykluczeniem-spolecznym-2\/\" target=\"_blank\">NAB\u00d3R  nr 16\/2018 Dzia\u0142ania skierowane do rodzin, w tym rodzin  prze\u017cywaj\u0105cych  trudno\u015bci opieku\u0144czo-wychowawcze, dzieci i m\u0142odzie\u017cy  zagro\u017conej  wykluczeniem spo\u0142ecznym <\/a> <\/li><li> <a rel=\"noreferrer noopener\" aria-label=\"NAB\u00d3R  nr 15\/2018 Us\u0142ugi reintegracji spo\u0142eczno-zawodowej skierowanej do  os\u00f3b  zagro\u017conych ub\u00f3stwem lub wykluczeniem spo\u0142ecznym \u015bwiadczone przez  CIS i  KIS (otwiera si\u0119 na nowej zak\u0142adce)\" href=\"http:\/\/lgd-kanal.augustow.pl\/nabor-nr-15-2018-uslugi-reintegracji-spoleczno-zawodowej-skierowanej-do-osob-zagrozonych-ubostwem-lub-wykluczeniem-spolecznym-swiadczone-przez-cis-i-kis-2\/\" target=\"_blank\">NAB\u00d3R  nr 15\/2018 Us\u0142ugi reintegracji spo\u0142eczno-zawodowej skierowanej do  os\u00f3b  zagro\u017conych ub\u00f3stwem lub wykluczeniem spo\u0142ecznym \u015bwiadczone przez  CIS i  KIS<\/a>  <\/li><li> <a rel=\"noreferrer noopener\" aria-label=\"NAB\u00d3R nr 14\/2018 Zapewnienie wi\u0119kszej dost\u0119pno\u015bci wysokiej jako\u015bci edukacji przedszkolnej.   (otwiera si\u0119 na nowej zak\u0142adce)\" href=\"http:\/\/lgd-kanal.augustow.pl\/nabor-nr-14-2018-zapewnienie-wiekszej-dostepnosci-wysokiej-jakosci-edukacji-przedszkolnej-2\/\" target=\"_blank\">NAB\u00d3R nr 14\/2018 Zapewnienie wi\u0119kszej dost\u0119pno\u015bci wysokiej jako\u015bci edukacji przedszkolnej.  <\/a><\/li><li> <a rel=\"noreferrer noopener\" aria-label=\"NAB\u00d3R  nr 7\/2018 \u2013 Dzia\u0142ania skierowane do rodzin, w tym rodzin  prze\u017cywaj\u0105cych  trudno\u015bci opieku\u0144czo-wychowawcze, dzieci i m\u0142odzie\u017cy  zagro\u017conej  wykluczeniem spo\u0142ecznym. (otwiera si\u0119 na nowej zak\u0142adce)\" href=\"http:\/\/lgd-kanal.augustow.pl\/nabor-nr-7-2018-dzialania-skierowane-do-rodzin-w-tym-rodzin-przezywajacych-trudnosci-opiekunczo-wychowawcze-dzieci-i-mlodziezy-zagrozonej-wykluczeniem-spolecznym-2\/\" target=\"_blank\">NAB\u00d3R  nr 7\/2018 \u2013 Dzia\u0142ania skierowane do rodzin, w tym rodzin  prze\u017cywaj\u0105cych  trudno\u015bci opieku\u0144czo-wychowawcze, dzieci i m\u0142odzie\u017cy  zagro\u017conej  wykluczeniem spo\u0142ecznym.<\/a>  <\/li><li><a href=\"http:\/\/lgd-kanal.augustow.pl\/nabor-nr-1-2018-bezzwrotne-wsparcie-dla-osob-zamierzajacych-rozpoczac-prowadzenie-dzialalnosci-gospodarczej\/\" target=\"_blank\" rel=\"noreferrer noopener\" aria-label=\" NAB\u00d3R nr 1\/2018 Bezzwrotne wsparcie dla os\u00f3b zamierzaj\u0105cych rozpocz\u0105\u0107 prowadzenie dzia\u0142alno\u015bci gospodarczej.  (otwiera si\u0119 na nowej zak\u0142adce)\"> NAB\u00d3R nr 1\/2018 Bezzwrotne wsparcie dla os\u00f3b zamierzaj\u0105cych rozpocz\u0105\u0107 prowadzenie dzia\u0142alno\u015bci gospodarczej. <\/a><\/li><\/ul>\n","protected":false},"excerpt":{"rendered":"<p>NAB\u00d3R nr 19\/2018 Zapewnienie wi\u0119kszej dost\u0119pno\u015bci wysokiej jako\u015bci edukacji przedszkolnej NAB\u00d3R nr 18\/2018 Zapewnienie wi\u0119kszej dost\u0119pno\u015bci wysokiej jako\u015bci edukacji przedszkolnej NAB\u00d3R nr 16\/2018 Dzia\u0142ania skierowane do rodzin, w tym rodzin prze\u017cywaj\u0105cych trudno\u015bci opieku\u0144czo-wychowawcze, dzieci i m\u0142odzie\u017cy zagro\u017conej wykluczeniem spo\u0142ecznym NAB\u00d3R nr 15\/2018 Us\u0142ugi reintegracji spo\u0142eczno-zawodowej skierowanej do os\u00f3b zagro\u017conych ub\u00f3stwem lub wykluczeniem spo\u0142ecznym \u015bwiadczone przez [&hellip;]<\/p>\n","protected":false},"author":1,"featured_media":0,"parent":0,"menu_order":0,"comment_status":"closed","ping_status":"closed","template":"","meta":{"_monsterinsights_skip_tracking":false,"_monsterinsights_sitenote_active":false,"_monsterinsights_sitenote_note":"","_monsterinsights_sitenote_category":0,"ngg_post_thumbnail":0,"footnotes":""},"class_list":["post-2001","page","type-page","status-publish","hentry"],"_links":{"self":[{"href":"https:\/\/lgd-kanal.augustow.pl\/archiwum\/wp-json\/wp\/v2\/pages\/2001","targetHints":{"allow":["GET"]}}],"collection":[{"href":"https:\/\/lgd-kanal.augustow.pl\/archiwum\/wp-json\/wp\/v2\/pages"}],"about":[{"href":"https:\/\/lgd-kanal.augustow.pl\/archiwum\/wp-json\/wp\/v2\/types\/page"}],"author":[{"embeddable":true,"href":"https:\/\/lgd-kanal.augustow.pl\/archiwum\/wp-json\/wp\/v2\/users\/1"}],"replies":[{"embeddable":true,"href":"https:\/\/lgd-kanal.augustow.pl\/archiwum\/wp-json\/wp\/v2\/comments?post=2001"}],"version-history":[{"count":8,"href":"https:\/\/lgd-kanal.augustow.pl\/archiwum\/wp-json\/wp\/v2\/pages\/2001\/revisions"}],"predecessor-version":[{"id":2025,"href":"https:\/\/lgd-kanal.augustow.pl\/archiwum\/wp-json\/wp\/v2\/pages\/2001\/revisions\/2025"}],"wp:attachment":[{"href":"https:\/\/lgd-kanal.augustow.pl\/archiwum\/wp-json\/wp\/v2\/media?parent=2001"}],"curies":[{"name":"wp","href":"https:\/\/api.w.org\/{rel}","templated":true}]}}